{"id":3071,"date":"2023-10-29T13:10:06","date_gmt":"2023-10-29T13:10:06","guid":{"rendered":"https:\/\/vmsgroups.com\/about-us\/"},"modified":"2025-11-22T09:11:10","modified_gmt":"2025-11-22T09:11:10","slug":"about-us","status":"publish","type":"page","link":"https:\/\/vmsgroups.com\/en\/about-us\/","title":{"rendered":"About us"},"content":{"rendered":"\t\t<div data-elementor-type=\"wp-page\" data-elementor-id=\"3071\" class=\"elementor elementor-3071 elementor-83\" data-elementor-post-type=\"page\">\n\t\t\t\t\t\t<section class=\"elementor-section elementor-top-section elementor-element elementor-element-420e57b4 elementor-section-boxed elementor-section-height-default elementor-section-height-default\" data-id=\"420e57b4\" data-element_type=\"section\" data-e-type=\"section\" data-settings=\"{&quot;background_background&quot;:&quot;gradient&quot;}\">\n\t\t\t\t\t\t\t<div class=\"elementor-background-overlay\"><\/div>\n\t\t\t\t\t\t\t<div class=\"elementor-container elementor-column-gap-default\">\n\t\t\t\t\t<div class=\"elementor-column elementor-col-100 elementor-top-column elementor-element elementor-element-723d7f5d\" data-id=\"723d7f5d\" data-element_type=\"column\" data-e-type=\"column\">\n\t\t\t<div class=\"elementor-widget-wrap elementor-element-populated\">\n\t\t\t\t\t\t<div class=\"elementor-element elementor-element-2a0be65e elementor-invisible elementor-widget elementor-widget-heading\" data-id=\"2a0be65e\" data-element_type=\"widget\" data-e-type=\"widget\" data-settings=\"{&quot;_animation&quot;:&quot;fadeInUp&quot;,&quot;_animation_delay&quot;:50}\" data-widget_type=\"heading.default\">\n\t\t\t\t<div class=\"elementor-widget-container\">\n\t\t\t\t\t<h3 class=\"elementor-heading-title elementor-size-default\">About us<\/h3>\t\t\t\t<\/div>\n\t\t\t\t<\/div>\n\t\t\t\t<div class=\"elementor-element elementor-element-62394b29 elementor-widget-divider--view-line elementor-invisible elementor-widget elementor-widget-divider\" data-id=\"62394b29\" data-element_type=\"widget\" data-e-type=\"widget\" data-settings=\"{&quot;_animation&quot;:&quot;fadeInUp&quot;,&quot;_animation_delay&quot;:100}\" data-widget_type=\"divider.default\">\n\t\t\t\t<div class=\"elementor-widget-container\">\n\t\t\t\t\t\t\t<div class=\"elementor-divider\">\n\t\t\t<span class=\"elementor-divider-separator\">\n\t\t\t\t\t\t<\/span>\n\t\t<\/div>\n\t\t\t\t\t\t<\/div>\n\t\t\t\t<\/div>\n\t\t\t\t\t<\/div>\n\t\t<\/div>\n\t\t\t\t\t<\/div>\n\t\t<\/section>\n\t\t\t\t<section class=\"elementor-section elementor-top-section elementor-element elementor-element-37ca7bf8 elementor-section-boxed elementor-section-height-default elementor-section-height-default\" data-id=\"37ca7bf8\" data-element_type=\"section\" data-e-type=\"section\">\n\t\t\t\t\t\t<div class=\"elementor-container elementor-column-gap-default\">\n\t\t\t\t\t<div class=\"elementor-column elementor-col-100 elementor-top-column elementor-element elementor-element-1eb8fb5\" data-id=\"1eb8fb5\" data-element_type=\"column\" data-e-type=\"column\">\n\t\t\t<div class=\"elementor-widget-wrap elementor-element-populated\">\n\t\t\t\t\t\t<div class=\"elementor-element elementor-element-626cc2d elementor-widget elementor-widget-heading\" data-id=\"626cc2d\" data-element_type=\"widget\" data-e-type=\"widget\" data-widget_type=\"heading.default\">\n\t\t\t\t<div class=\"elementor-widget-container\">\n\t\t\t\t\t<h2 class=\"elementor-heading-title elementor-size-default\">VM Solutions <br>Turizm D\u0131\u015f Ticaret \u0130thalat \u0130hracat Limited \u015eirketi<br> <small>(Tourism Foreign Trade Import Export Limited Company)<\/small><\/h2>\t\t\t\t<\/div>\n\t\t\t\t<\/div>\n\t\t\t\t<div class=\"elementor-element elementor-element-6ac0f2ae elementor-invisible elementor-widget elementor-widget-text-editor\" data-id=\"6ac0f2ae\" data-element_type=\"widget\" data-e-type=\"widget\" data-settings=\"{&quot;_animation&quot;:&quot;fadeInUp&quot;,&quot;_animation_delay&quot;:450}\" data-widget_type=\"text-editor.default\">\n\t\t\t\t<div class=\"elementor-widget-container\">\n\t\t\t\t\t\t\t\t\t<p>Vladimir Murzin began operating in the field of foreign trade in 2008. VM Solutions, founded by Vladimir Murzin in 2023, is registered in Turkey and headquartered in Ankara. Today, VM Solutions is a dynamically evolving trading and exporting company operating on a global scale.<\/p><br><p>The company\u2019s main areas of activity include:<\/p><br><ul>\r\n<li>Agricultural machinery,<\/li>\r\n<li>Road construction and industrial equipment,<\/li>\r\n<li>Drilling and forest machines,<\/li>\r\n<li>The original spare parts.<\/li>\r\n<\/ul><div><br><\/div><br><p>VM Solutions has created a wide business network covering Turkey, Europe, the United States and the CIS countries:<\/p><br><ul>\r\n<li>More than 90 Turks and more than 130 European, American and Canadian manufacturers and distributors are among our business partners,<\/li>\r\n<li>Imports from more than 12 countries and exports to more than 27 countries.<\/li>\r\n<\/ul><div><br><\/div><br><p>Since our establishment, our mission has been to provide reliable, effective, and competitive solutions to our customers. We provide the products from of world famous brands as well as high-quality Turkish-made equipment and spare parts. VM Solutions is not just a trading company. We are positioned as a strategic business partner of our customers by providing logistics, customs consultancy, financial solutions and after-sales services. Our strategy is based on flexibility and rapid adaptation to the changes of the global market. We effectively evaluate the experiences and resources we accumulate in new projects and sectors, and we accept social responsibility and the basic principle of our management understanding to provide social responsibility and added value to society-economics. With more than 17 years of experience, we are constantly strengthening our position in the conditions of the global economy. VM Solutions\u2019 strategic goal is to become an international brand, secure a leading position among global players worldwide, and to become a long-term reliable business partner.<\/p><br><p><strong>Our Approach<\/strong><\/p><br><p>We are open to cooperation with new brands and we are ready to offer special solutions for all kinds of demand in the field of machinery, equipment and spare parts.<\/p>\t\t\t\t\t\t\t\t<\/div>\n\t\t\t\t<\/div>\n\t\t\t\t<div class=\"elementor-element elementor-element-69d473f3 elementor-invisible elementor-widget elementor-widget-image-box\" data-id=\"69d473f3\" data-element_type=\"widget\" data-e-type=\"widget\" data-settings=\"{&quot;_animation&quot;:&quot;fadeInUp&quot;,&quot;_animation_delay&quot;:500}\" data-widget_type=\"image-box.default\">\n\t\t\t\t<div class=\"elementor-widget-container\">\n\t\t\t\t\t<div class=\"elementor-image-box-wrapper\"><div class=\"elementor-image-box-content\"><h5 class=\"elementor-image-box-title\">Vladimir Murzin<\/h5><p class=\"elementor-image-box-description\">Founder<\/p><\/div><\/div>\t\t\t\t<\/div>\n\t\t\t\t<\/div>\n\t\t\t\t\t<\/div>\n\t\t<\/div>\n\t\t\t\t\t<\/div>\n\t\t<\/section>\n\t\t\t\t<\/div>\n\t\t","protected":false},"excerpt":{"rendered":"<p>About us VM Solutions Turizm D\u0131\u015f Ticaret \u0130thalat \u0130hracat Limited \u015eirketi (Tourism Foreign Trade Import Export Limited Company) Vladimir Murzin began operating in the field of foreign trade in 2008. VM Solutions, founded by Vladimir Murzin in 2023, is registered in Turkey and headquartered in Ankara. Today, VM Solutions is a dynamically evolving trading and [&hellip;]<\/p>\n","protected":false},"author":1,"featured_media":0,"parent":0,"menu_order":0,"comment_status":"closed","ping_status":"closed","template":"","meta":{"footnotes":""},"class_list":["post-3071","page","type-page","status-publish","hentry"],"_links":{"self":[{"href":"https:\/\/vmsgroups.com\/en\/wp-json\/wp\/v2\/pages\/3071","targetHints":{"allow":["GET"]}}],"collection":[{"href":"https:\/\/vmsgroups.com\/en\/wp-json\/wp\/v2\/pages"}],"about":[{"href":"https:\/\/vmsgroups.com\/en\/wp-json\/wp\/v2\/types\/page"}],"author":[{"embeddable":true,"href":"https:\/\/vmsgroups.com\/en\/wp-json\/wp\/v2\/users\/1"}],"replies":[{"embeddable":true,"href":"https:\/\/vmsgroups.com\/en\/wp-json\/wp\/v2\/comments?post=3071"}],"version-history":[{"count":9,"href":"https:\/\/vmsgroups.com\/en\/wp-json\/wp\/v2\/pages\/3071\/revisions"}],"predecessor-version":[{"id":3621,"href":"https:\/\/vmsgroups.com\/en\/wp-json\/wp\/v2\/pages\/3071\/revisions\/3621"}],"wp:attachment":[{"href":"https:\/\/vmsgroups.com\/en\/wp-json\/wp\/v2\/media?parent=3071"}],"curies":[{"name":"wp","href":"https:\/\/api.w.org\/{rel}","templated":true}]}}