{"id":3422,"date":"2023-11-06T20:15:09","date_gmt":"2023-11-06T20:15:09","guid":{"rendered":"https:\/\/vmsgroups.com\/garden-type-rotovator-2\/"},"modified":"2023-11-06T20:15:09","modified_gmt":"2023-11-06T20:15:09","slug":"garden-type-rotovator-2","status":"publish","type":"page","link":"https:\/\/vmsgroups.com\/en\/garden-type-rotovator-2\/","title":{"rendered":"GARDEN TYPE ROTOVATOR"},"content":{"rendered":"\t\t<div data-elementor-type=\"wp-page\" data-elementor-id=\"3422\" class=\"elementor elementor-3422 elementor-952\" data-elementor-post-type=\"page\">\n\t\t\t\t\t\t<section class=\"elementor-section elementor-top-section elementor-element elementor-element-420e57b4 elementor-section-boxed elementor-section-height-default elementor-section-height-default\" data-id=\"420e57b4\" data-element_type=\"section\" data-e-type=\"section\" data-settings=\"{&quot;background_background&quot;:&quot;gradient&quot;}\">\n\t\t\t\t\t\t\t<div class=\"elementor-background-overlay\"><\/div>\n\t\t\t\t\t\t\t<div class=\"elementor-container elementor-column-gap-default\">\n\t\t\t\t\t<div class=\"elementor-column elementor-col-100 elementor-top-column elementor-element elementor-element-723d7f5d\" data-id=\"723d7f5d\" data-element_type=\"column\" data-e-type=\"column\">\n\t\t\t<div class=\"elementor-widget-wrap elementor-element-populated\">\n\t\t\t\t\t\t<div class=\"elementor-element elementor-element-2a0be65e elementor-invisible elementor-widget elementor-widget-heading\" data-id=\"2a0be65e\" data-element_type=\"widget\" data-e-type=\"widget\" data-settings=\"{&quot;_animation&quot;:&quot;fadeInUp&quot;,&quot;_animation_delay&quot;:50}\" data-widget_type=\"heading.default\">\n\t\t\t\t<div class=\"elementor-widget-container\">\n\t\t\t\t\t<h3 class=\"elementor-heading-title elementor-size-default\">MECHANICAL SLIDE GARDEN TYPE ROTOVATOR<\/h3>\t\t\t\t<\/div>\n\t\t\t\t<\/div>\n\t\t\t\t<div class=\"elementor-element elementor-element-62394b29 elementor-widget-divider--view-line elementor-invisible elementor-widget elementor-widget-divider\" data-id=\"62394b29\" data-element_type=\"widget\" data-e-type=\"widget\" data-settings=\"{&quot;_animation&quot;:&quot;fadeInUp&quot;,&quot;_animation_delay&quot;:100}\" data-widget_type=\"divider.default\">\n\t\t\t\t<div class=\"elementor-widget-container\">\n\t\t\t\t\t\t\t<div class=\"elementor-divider\">\n\t\t\t<span class=\"elementor-divider-separator\">\n\t\t\t\t\t\t<\/span>\n\t\t<\/div>\n\t\t\t\t\t\t<\/div>\n\t\t\t\t<\/div>\n\t\t\t\t\t<\/div>\n\t\t<\/div>\n\t\t\t\t\t<\/div>\n\t\t<\/section>\n\t\t<div class=\"elementor-element elementor-element-7a4b885 e-flex e-con-boxed e-con e-parent\" data-id=\"7a4b885\" data-element_type=\"container\" data-e-type=\"container\">\n\t\t\t\t\t<div class=\"e-con-inner\">\n\t\t<div class=\"elementor-element elementor-element-3dc7c79 e-flex e-con-boxed e-con e-child\" data-id=\"3dc7c79\" data-element_type=\"container\" data-e-type=\"container\">\n\t\t\t\t\t<div class=\"e-con-inner\">\n\t\t<div class=\"elementor-element elementor-element-ea62e69 e-flex e-con-boxed e-con e-child\" data-id=\"ea62e69\" data-element_type=\"container\" data-e-type=\"container\">\n\t\t\t\t\t<div class=\"e-con-inner\">\n\t\t\t\t\t<\/div>\n\t\t\t\t<\/div>\n\t\t\t\t\t<\/div>\n\t\t\t\t<\/div>\n\t\t\t\t\t<\/div>\n\t\t\t\t<\/div>\n\t\t<div class=\"elementor-element elementor-element-c9e61ed e-flex e-con-boxed e-con e-parent\" data-id=\"c9e61ed\" data-element_type=\"container\" data-e-type=\"container\">\n\t\t\t\t\t<div class=\"e-con-inner\">\n\t\t\t\t<div class=\"elementor-element elementor-element-a07a8ab elementor-widget elementor-widget-shortcode\" data-id=\"a07a8ab\" data-element_type=\"widget\" data-e-type=\"widget\" data-widget_type=\"shortcode.default\">\n\t\t\t\t<div class=\"elementor-widget-container\">\n\t\t\t\t\t\t\t<div class=\"elementor-shortcode\">\n            <div \n                class=\"elfsight-widget-portfolio elfsight-widget\" \n                data-elfsight-portfolio-options=\"%7B%22projects%22%3A%5B%7B%22id%22%3A%22df2968f8-2aad-46ee-a556-3614567debe0%22%2C%22media%22%3A%5B%7B%22type%22%3A%22uploaded%22%2C%22data%22%3A%7B%22name%22%3A%22MECHANICAL%20SLIDE%20GARDEN%20TYPE%20ROTOVATOR%22%2C%22url%22%3A%22https%3A%5C%2F%5C%2Fvmsgroups.com%5C%2Fwp-content%5C%2Fuploads%5C%2F2023%5C%2F11%5C%2FMECHANICAL-SLIDE-GARDEN-TYPE-ROTOVATOR-.png%22%2C%22size%22%3A961464%2C%22type%22%3A%22image%22%2C%22extension%22%3A%22png%22%2C%22width%22%3A2000%2C%22height%22%3A2000%2C%22ext%22%3A%22png%22%7D%7D%5D%2C%22previewPicture%22%3Anull%2C%22undefined%22%3Anull%2C%22name%22%3A%22MECHANICAL%20SLIDE%20GARDEN%20TYPE%20ROTOVATOR%22%2C%22category%22%3A%22%22%2C%22description%22%3A%22%3Cdiv%3E%3Cb%3EProduct%20DescriptionIt%26nbsp%3B%3C%5C%2Fb%3E%3C%5C%2Fdiv%3E%3Cdiv%3EThe%20professional%20mechanic%20planetary%20rotovotor%20series%20produced%20in%20our%20factory%20is%20a%20suspended%20type%20and%20it%20takes%20its%20motion%20from%20the%20tail%20shaft%20and%20is%20a%20milling%20part%20that%20moves%20perpendicular%20to%20the%20direction%20of%20movement%20and%20it%20consists%20of%20blades.%20Thanks%20to%20the%20mechanic%20planetary%20hanger%2C%20it%20can%20operate%20with%20different%20adjustments%20under%20trees%2C%20within%20vineyards%20and%20in%20various%20structured%20fields.%20It%20mixes%20organic%20substances%20in%20the%20soil%20%28stalk%2C%20green%20grass%20and%20all%20kinds%20of%20plant%20residues%29%20into%20the%20soil%20by%20crushing%20them.%20It%20also%20avoids%20beneficial%20organisms%20to%20be%20destroyed.%20Thanks%20to%20the%20rear%20cover%2C%20while%20our%20machine%20is%20processing%20the%20soil%2C%20it%20performs%20an%20ideal%20field%20process%20by%20performing%20the%20levelling%20process.%3Cbr%3E%3C%5C%2Fdiv%3E%22%2C%22caption%22%3A%22%22%2C%22website%22%3A%22%22%7D%2C%7B%22id%22%3A%22b72c0d53-33ee-48b2-b7ab-1feb99b98297%22%2C%22media%22%3A%5B%7B%22type%22%3A%22uploaded%22%2C%22data%22%3A%7B%22name%22%3A%22MECHANICAL%20SLIDE%20GARDEN%20TYPE%20ROTOVATOR%22%2C%22url%22%3A%22https%3A%5C%2F%5C%2Fvmsgroups.com%5C%2Fwp-content%5C%2Fuploads%5C%2F2023%5C%2F11%5C%2FMECHANICAL-SLIDE-GARDEN-TYPE-ROTOVATOR.png%22%2C%22size%22%3A1141171%2C%22type%22%3A%22image%22%2C%22extension%22%3A%22png%22%2C%22width%22%3A2000%2C%22height%22%3A2000%2C%22ext%22%3A%22png%22%7D%7D%5D%2C%22previewPicture%22%3Anull%2C%22undefined%22%3Anull%2C%22name%22%3A%22MECHANICAL%20SLIDE%20GARDEN%20TYPE%20ROTOVATOR%22%2C%22category%22%3A%22%22%2C%22description%22%3A%22%3Cdiv%3E%3Cb%3EProduct%20DescriptionIt%26nbsp%3B%3C%5C%2Fb%3E%3C%5C%2Fdiv%3E%3Cdiv%3EThe%20professional%20mechanic%20planetary%20rotovotor%20series%20produced%20in%20our%20factory%20is%20a%20suspended%20type%20and%20it%20takes%20its%20motion%20from%20the%20tail%20shaft%20and%20is%20a%20milling%20part%20that%20moves%20perpendicular%20to%20the%20direction%20of%20movement%20and%20it%20consists%20of%20blades.%20Thanks%20to%20the%20mechanic%20planetary%20hanger%2C%20it%20can%20operate%20with%20different%20adjustments%20under%20trees%2C%20within%20vineyards%20and%20in%20various%20structured%20fields.%20It%20mixes%20organic%20substances%20in%20the%20soil%20%28stalk%2C%20green%20grass%20and%20all%20kinds%20of%20plant%20residues%29%20into%20the%20soil%20by%20crushing%20them.%20It%20also%20avoids%20beneficial%20organisms%20to%20be%20destroyed.%20Thanks%20to%20the%20rear%20cover%2C%20while%20our%20machine%20is%20processing%20the%20soil%2C%20it%20performs%20an%20ideal%20field%20process%20by%20performing%20the%20levelling%20process.%3Cbr%3E%3C%5C%2Fdiv%3E%22%2C%22caption%22%3A%22%22%2C%22website%22%3A%22%22%7D%5D%2C%22categoriesEnabled%22%3Afalse%2C%22categories%22%3A%5B%7B%22value%22%3A%22%22%2C%22name%22%3A%22%20-%20None%20-%20%22%2C%22visible%22%3Afalse%7D%2C%7B%22value%22%3A%22a7500ef6-c278-4e96-b907-d9a4d6b932bb%22%2C%22name%22%3A%22ECO%20MASTER%20SERIES%22%2C%22undefined%22%3Anull%7D%5D%2C%22widgetTitle%22%3A%22MECHANICAL%20SLIDE%20GARDEN%20TYPE%20ROTOVATOR%22%2C%22authorWhereToDisplay%22%3A%5B%22popup%22%5D%2C%22authorName%22%3A%22VMS%20Groups%22%2C%22authorDescription%22%3A%22%22%2C%22authorPhoto%22%3Anull%2C%22authorEmail%22%3A%22%22%2C%22authorPhone%22%3A%22%22%2C%22authorSocial%22%3A%5B%5D%2C%22ctaWhereToDisplay%22%3A%5B%22popup%22%5D%2C%22ctaButtonText%22%3A%22Get%20an%20Offer%22%2C%22ctaButtonLink%22%3A%22https%3A%5C%2F%5C%2Fvmsgroups.com%5C%2Filetisim%5C%2F%22%2C%22lang%22%3A%22en%22%2C%22layout%22%3A%22grid%22%2C%22gridColumns%22%3A2%2C%22gridRows%22%3A2%2C%22gridGutter%22%3A10%2C%22gridItemAspectRatio%22%3A0.669%2C%22gridColumnsTablet%22%3A2%2C%22gridRowsTablet%22%3A2%2C%22gridColumnsMobile%22%3A1%2C%22gridRowsMobile%22%3A1%2C%22masonryColumns%22%3A3%2C%22masonryGutter%22%3A10%2C%22masonryItemsPerPage%22%3A8%2C%22masonryColumnsTablet%22%3A2%2C%22masonryColumnsMobile%22%3A1%2C%22listGutter%22%3A10%2C%22listItemsPerPage%22%3A8%2C%22listItemAspectRatio%22%3A0.333%2C%22width%22%3A%22auto%22%2C%22projectLook%22%3A%22card%22%2C%22projectInfoToDisplay%22%3A%5B%22caption%22%2C%22name%22%5D%2C%22projectClickAction%22%3A%22popup%22%2C%22popupInfoToDisplay%22%3A%5B%22caption%22%2C%22description%22%2C%22name%22%5D%2C%22backgroundColor%22%3Anull%2C%22textColor%22%3A%22rgb%2817%2C%2017%2C%2017%29%22%2C%22ctaColor%22%3A%22rgb%28255%2C%20255%2C%20255%29%22%2C%22linksColor%22%3A%22rgb%2824%2C%2036%2C%2055%29%22%2C%22projectOverlayColor%22%3A%22rgba%2817%2C%2017%2C%2017%2C%200.7%29%22%2C%22projectBackgroundColor%22%3Anull%2C%22projectTextColor%22%3Anull%2C%22popupBackgroundColor%22%3A%22rgb%28255%2C%20255%2C%20255%29%22%2C%22popupTextColor%22%3A%22rgb%2817%2C%2017%2C%2017%29%22%2C%22popupOverlayColor%22%3A%22rgba%2817%2C%2017%2C%2017%2C%200.9%29%22%2C%22popupCtaColor%22%3A%22rgb%2824%2C%2036%2C%2055%29%22%2C%22popupLinksColor%22%3A%22rgb%2824%2C%2036%2C%2055%29%22%2C%22popupTextAlignment%22%3A%22left%22%2C%22widgetId%22%3A%2244%22%7D\" \n                data-elfsight-portfolio-version=\"1.1.3\"\n                data-elfsight-widget-id=\"elfsight-portfolio-44\">\n            <\/div>\n            <\/div>\n\t\t\t\t\t\t<\/div>\n\t\t\t\t<\/div>\n\t\t\t\t\t<\/div>\n\t\t\t\t<\/div>\n\t\t<div class=\"elementor-element elementor-element-5fbf766 e-flex e-con-boxed e-con e-parent\" data-id=\"5fbf766\" data-element_type=\"container\" data-e-type=\"container\">\n\t\t\t\t\t<div class=\"e-con-inner\">\n\t\t<div class=\"elementor-element elementor-element-1e36c6c e-flex e-con-boxed e-con e-child\" data-id=\"1e36c6c\" data-element_type=\"container\" data-e-type=\"container\">\n\t\t\t\t\t<div class=\"e-con-inner\">\n\t\t\t\t<div class=\"elementor-element elementor-element-9bdf83f elementor-widget elementor-widget-shortcode\" data-id=\"9bdf83f\" data-element_type=\"widget\" data-e-type=\"widget\" data-widget_type=\"shortcode.default\">\n\t\t\t\t<div class=\"elementor-widget-container\">\n\t\t\t\t\t\t\t<div class=\"elementor-shortcode\">\n<table id=\"tablepress-69\" class=\"tablepress tablepress-id-69\">\n<thead>\n<tr class=\"row-1\">\n\t<th class=\"column-1\">NUMBER OF BLADE<\/th><th class=\"column-2\">WORKING WIDTH<br \/>\r\n  (CM)<\/th><th class=\"column-3\">TYPE OF GEARBOX<\/th><th class=\"column-4\">WORKING DEPTH<br \/>\r\n  (CM)<\/th><th class=\"column-5\">WEIGHT (KG)<\/th><th class=\"column-6\">REQUIRED POWER<br \/>\r\n  (HP)<\/th>\n<\/tr>\n<\/thead>\n<tbody class=\"row-striping row-hover\">\n<tr class=\"row-2\">\n\t<td class=\"column-1\">30<\/td><td class=\"column-2\">120<\/td><td class=\"column-3\">SINGLE ROTATION<\/td><td class=\"column-4\">20<\/td><td class=\"column-5\">400<\/td><td class=\"column-6\">35<\/td>\n<\/tr>\n<tr class=\"row-3\">\n\t<td class=\"column-1\">36<\/td><td class=\"column-2\">150<\/td><td class=\"column-3\">SINGLE ROTATION<\/td><td class=\"column-4\">20<\/td><td class=\"column-5\">440<\/td><td class=\"column-6\">40<\/td>\n<\/tr>\n<tr class=\"row-4\">\n\t<td class=\"column-1\">42<\/td><td class=\"column-2\">175<\/td><td class=\"column-3\">SINGLE ROTATION<\/td><td class=\"column-4\">20<\/td><td class=\"column-5\">480<\/td><td class=\"column-6\">50<\/td>\n<\/tr>\n<tr class=\"row-5\">\n\t<td class=\"column-1\">48<\/td><td class=\"column-2\">200<\/td><td class=\"column-3\">SINGLE ROTATION<\/td><td class=\"column-4\">20<\/td><td class=\"column-5\">532<\/td><td class=\"column-6\">55<\/td>\n<\/tr>\n<tr class=\"row-6\">\n\t<td class=\"column-1\">54<\/td><td class=\"column-2\">230<\/td><td class=\"column-3\">SINGLE ROTATION<\/td><td class=\"column-4\">20<\/td><td class=\"column-5\">590<\/td><td class=\"column-6\">60<\/td>\n<\/tr>\n<tr class=\"row-7\">\n\t<td class=\"column-1\">30<\/td><td class=\"column-2\">120<\/td><td class=\"column-3\">VARIABLE ROTATION\u00a0<\/td><td class=\"column-4\">20<\/td><td class=\"column-5\">435<\/td><td class=\"column-6\">35<\/td>\n<\/tr>\n<tr class=\"row-8\">\n\t<td class=\"column-1\">36<\/td><td class=\"column-2\">150<\/td><td class=\"column-3\">VARIABLE ROTATION\u00a0<\/td><td class=\"column-4\">20<\/td><td class=\"column-5\">475<\/td><td class=\"column-6\">40<\/td>\n<\/tr>\n<tr class=\"row-9\">\n\t<td class=\"column-1\">42<\/td><td class=\"column-2\">175<\/td><td class=\"column-3\">VARIABLE ROTATION\u00a0<\/td><td class=\"column-4\">20<\/td><td class=\"column-5\">515<\/td><td class=\"column-6\">50<\/td>\n<\/tr>\n<tr class=\"row-10\">\n\t<td class=\"column-1\">48<\/td><td class=\"column-2\">200<\/td><td class=\"column-3\">VARIABLE ROTATION\u00a0<\/td><td class=\"column-4\">20<\/td><td class=\"column-5\">555<\/td><td class=\"column-6\">55<\/td>\n<\/tr>\n<tr class=\"row-11\">\n\t<td class=\"column-1\">54<\/td><td class=\"column-2\">230<\/td><td class=\"column-3\">VARIABLE ROTATION\u00a0<\/td><td class=\"column-4\">20<\/td><td class=\"column-5\">600<\/td><td class=\"column-6\">60<\/td>\n<\/tr>\n<tr class=\"row-12\">\n\t<td class=\"column-1\">60<\/td><td class=\"column-2\">250<\/td><td class=\"column-3\">VARIABLE ROTATION\u00a0<\/td><td class=\"column-4\">20<\/td><td class=\"column-5\">640<\/td><td class=\"column-6\">65<\/td>\n<\/tr>\n<tr class=\"row-13\">\n\t<td class=\"column-1\">66<\/td><td class=\"column-2\">270<\/td><td class=\"column-3\">VARIABLE ROTATION\u00a0<\/td><td class=\"column-4\">20<\/td><td class=\"column-5\">720<\/td><td class=\"column-6\">75<\/td>\n<\/tr>\n<tr class=\"row-14\">\n\t<td class=\"column-1\">78<\/td><td class=\"column-2\">314<\/td><td class=\"column-3\">VARIABLE ROTATION\u00a0<\/td><td class=\"column-4\">20<\/td><td class=\"column-5\">870<\/td><td class=\"column-6\">90<\/td>\n<\/tr>\n<tr class=\"row-15\">\n\t<td class=\"column-1\">84<\/td><td class=\"column-2\">340<\/td><td class=\"column-3\">VARIABLE ROTATION\u00a0<\/td><td class=\"column-4\">20<\/td><td class=\"column-5\">1460<\/td><td class=\"column-6\">110<\/td>\n<\/tr>\n<tr class=\"row-16\">\n\t<td class=\"column-1\">96<\/td><td class=\"column-2\">370<\/td><td class=\"column-3\">VARIABLE ROTATION\u00a0<\/td><td class=\"column-4\">20<\/td><td class=\"column-5\">1535<\/td><td class=\"column-6\">120<\/td>\n<\/tr>\n<\/tbody>\n<\/table>\n<!-- #tablepress-69 from cache --><\/div>\n\t\t\t\t\t\t<\/div>\n\t\t\t\t<\/div>\n\t\t\t\t\t<\/div>\n\t\t\t\t<\/div>\n\t\t\t\t\t<\/div>\n\t\t\t\t<\/div>\n\t\t<div class=\"elementor-element elementor-element-0e6fea3 e-flex e-con-boxed e-con e-parent\" data-id=\"0e6fea3\" data-element_type=\"container\" data-e-type=\"container\">\n\t\t\t\t\t<div class=\"e-con-inner\">\n\t\t<div class=\"elementor-element elementor-element-a477f3a e-flex e-con-boxed e-con e-child\" data-id=\"a477f3a\" data-element_type=\"container\" data-e-type=\"container\">\n\t\t\t\t\t<div class=\"e-con-inner\">\n\t\t\t\t\t<\/div>\n\t\t\t\t<\/div>\n\t\t\t\t\t<\/div>\n\t\t\t\t<\/div>\n\t\t\t\t<section class=\"elementor-section elementor-top-section elementor-element elementor-element-de69c88 elementor-section-boxed elementor-section-height-default elementor-section-height-default\" data-id=\"de69c88\" data-element_type=\"section\" data-e-type=\"section\" data-settings=\"{&quot;background_background&quot;:&quot;gradient&quot;}\">\n\t\t\t\t\t\t\t<div class=\"elementor-background-overlay\"><\/div>\n\t\t\t\t\t\t\t<div class=\"elementor-container elementor-column-gap-default\">\n\t\t\t\t\t<div class=\"elementor-column elementor-col-100 elementor-top-column elementor-element elementor-element-f10149e\" data-id=\"f10149e\" data-element_type=\"column\" data-e-type=\"column\">\n\t\t\t<div class=\"elementor-widget-wrap elementor-element-populated\">\n\t\t\t\t\t\t<div class=\"elementor-element elementor-element-3298063 elementor-invisible elementor-widget elementor-widget-heading\" data-id=\"3298063\" data-element_type=\"widget\" data-e-type=\"widget\" data-settings=\"{&quot;_animation&quot;:&quot;fadeInUp&quot;,&quot;_animation_delay&quot;:50}\" data-widget_type=\"heading.default\">\n\t\t\t\t<div class=\"elementor-widget-container\">\n\t\t\t\t\t<h3 class=\"elementor-heading-title elementor-size-default\">Sekt\u00f6rlerimiz<\/h3>\t\t\t\t<\/div>\n\t\t\t\t<\/div>\n\t\t\t\t<div class=\"elementor-element elementor-element-365b51e elementor-widget-divider--view-line elementor-invisible elementor-widget elementor-widget-divider\" data-id=\"365b51e\" data-element_type=\"widget\" data-e-type=\"widget\" data-settings=\"{&quot;_animation&quot;:&quot;fadeInUp&quot;,&quot;_animation_delay&quot;:100}\" data-widget_type=\"divider.default\">\n\t\t\t\t<div class=\"elementor-widget-container\">\n\t\t\t\t\t\t\t<div class=\"elementor-divider\">\n\t\t\t<span class=\"elementor-divider-separator\">\n\t\t\t\t\t\t<\/span>\n\t\t<\/div>\n\t\t\t\t\t\t<\/div>\n\t\t\t\t<\/div>\n\t\t\t\t\t<\/div>\n\t\t<\/div>\n\t\t\t\t\t<\/div>\n\t\t<\/section>\n\t\t\t\t<section class=\"elementor-section elementor-top-section elementor-element elementor-element-9c4efbf elementor-section-boxed elementor-section-height-default elementor-section-height-default\" data-id=\"9c4efbf\" data-element_type=\"section\" data-e-type=\"section\" data-settings=\"{&quot;background_background&quot;:&quot;gradient&quot;}\">\n\t\t\t\t\t\t\t<div class=\"elementor-background-overlay\"><\/div>\n\t\t\t\t\t\t\t<div class=\"elementor-container elementor-column-gap-default\">\n\t\t\t\t\t<div class=\"elementor-column elementor-col-100 elementor-top-column elementor-element elementor-element-2584180\" data-id=\"2584180\" data-element_type=\"column\" data-e-type=\"column\">\n\t\t\t<div class=\"elementor-widget-wrap elementor-element-populated\">\n\t\t\t\t\t\t<div class=\"elementor-element elementor-element-303aa14 elementor-invisible elementor-widget elementor-widget-heading\" data-id=\"303aa14\" data-element_type=\"widget\" data-e-type=\"widget\" data-settings=\"{&quot;_animation&quot;:&quot;fadeInUp&quot;,&quot;_animation_delay&quot;:50}\" data-widget_type=\"heading.default\">\n\t\t\t\t<div class=\"elementor-widget-container\">\n\t\t\t\t\t<h3 class=\"elementor-heading-title elementor-size-default\">Sekt\u00f6rlerimiz<\/h3>\t\t\t\t<\/div>\n\t\t\t\t<\/div>\n\t\t\t\t<div class=\"elementor-element elementor-element-7335878 elementor-widget-divider--view-line elementor-invisible elementor-widget elementor-widget-divider\" data-id=\"7335878\" data-element_type=\"widget\" data-e-type=\"widget\" data-settings=\"{&quot;_animation&quot;:&quot;fadeInUp&quot;,&quot;_animation_delay&quot;:100}\" data-widget_type=\"divider.default\">\n\t\t\t\t<div class=\"elementor-widget-container\">\n\t\t\t\t\t\t\t<div class=\"elementor-divider\">\n\t\t\t<span class=\"elementor-divider-separator\">\n\t\t\t\t\t\t<\/span>\n\t\t<\/div>\n\t\t\t\t\t\t<\/div>\n\t\t\t\t<\/div>\n\t\t\t\t\t<\/div>\n\t\t<\/div>\n\t\t\t\t\t<\/div>\n\t\t<\/section>\n\t\t\t\t<section class=\"elementor-section elementor-top-section elementor-element elementor-element-7f8a084 elementor-section-boxed elementor-section-height-default elementor-section-height-default\" data-id=\"7f8a084\" data-element_type=\"section\" data-e-type=\"section\" data-settings=\"{&quot;background_background&quot;:&quot;gradient&quot;}\">\n\t\t\t\t\t\t\t<div class=\"elementor-background-overlay\"><\/div>\n\t\t\t\t\t\t\t<div class=\"elementor-container elementor-column-gap-default\">\n\t\t\t\t\t<div class=\"elementor-column elementor-col-100 elementor-top-column elementor-element elementor-element-b46ab3c\" data-id=\"b46ab3c\" data-element_type=\"column\" data-e-type=\"column\">\n\t\t\t<div class=\"elementor-widget-wrap elementor-element-populated\">\n\t\t\t\t\t\t<div class=\"elementor-element elementor-element-4f4ea10 elementor-invisible elementor-widget elementor-widget-heading\" data-id=\"4f4ea10\" data-element_type=\"widget\" data-e-type=\"widget\" data-settings=\"{&quot;_animation&quot;:&quot;fadeInUp&quot;,&quot;_animation_delay&quot;:50}\" data-widget_type=\"heading.default\">\n\t\t\t\t<div class=\"elementor-widget-container\">\n\t\t\t\t\t<h3 class=\"elementor-heading-title elementor-size-default\">Sekt\u00f6rlerimiz<\/h3>\t\t\t\t<\/div>\n\t\t\t\t<\/div>\n\t\t\t\t<div class=\"elementor-element elementor-element-8652ccf elementor-widget-divider--view-line elementor-invisible elementor-widget elementor-widget-divider\" data-id=\"8652ccf\" data-element_type=\"widget\" data-e-type=\"widget\" data-settings=\"{&quot;_animation&quot;:&quot;fadeInUp&quot;,&quot;_animation_delay&quot;:100}\" data-widget_type=\"divider.default\">\n\t\t\t\t<div class=\"elementor-widget-container\">\n\t\t\t\t\t\t\t<div class=\"elementor-divider\">\n\t\t\t<span class=\"elementor-divider-separator\">\n\t\t\t\t\t\t<\/span>\n\t\t<\/div>\n\t\t\t\t\t\t<\/div>\n\t\t\t\t<\/div>\n\t\t\t\t\t<\/div>\n\t\t<\/div>\n\t\t\t\t\t<\/div>\n\t\t<\/section>\n\t\t\t\t<\/div>\n\t\t","protected":false},"excerpt":{"rendered":"<p>MECHANICAL SLIDE GARDEN TYPE ROTOVATOR Sekt\u00f6rlerimiz Sekt\u00f6rlerimiz Sekt\u00f6rlerimiz<\/p>\n","protected":false},"author":1,"featured_media":0,"parent":0,"menu_order":0,"comment_status":"closed","ping_status":"closed","template":"","meta":{"footnotes":""},"class_list":["post-3422","page","type-page","status-publish","hentry"],"_links":{"self":[{"href":"https:\/\/vmsgroups.com\/en\/wp-json\/wp\/v2\/pages\/3422","targetHints":{"allow":["GET"]}}],"collection":[{"href":"https:\/\/vmsgroups.com\/en\/wp-json\/wp\/v2\/pages"}],"about":[{"href":"https:\/\/vmsgroups.com\/en\/wp-json\/wp\/v2\/types\/page"}],"author":[{"embeddable":true,"href":"https:\/\/vmsgroups.com\/en\/wp-json\/wp\/v2\/users\/1"}],"replies":[{"embeddable":true,"href":"https:\/\/vmsgroups.com\/en\/wp-json\/wp\/v2\/comments?post=3422"}],"version-history":[{"count":0,"href":"https:\/\/vmsgroups.com\/en\/wp-json\/wp\/v2\/pages\/3422\/revisions"}],"wp:attachment":[{"href":"https:\/\/vmsgroups.com\/en\/wp-json\/wp\/v2\/media?parent=3422"}],"curies":[{"name":"wp","href":"https:\/\/api.w.org\/{rel}","templated":true}]}}