{"id":3428,"date":"2023-11-06T20:10:49","date_gmt":"2023-11-06T20:10:49","guid":{"rendered":"https:\/\/vmsgroups.com\/furrow-opener-plough-2\/"},"modified":"2023-11-06T20:10:49","modified_gmt":"2023-11-06T20:10:49","slug":"furrow-opener-plough-2","status":"publish","type":"page","link":"https:\/\/vmsgroups.com\/en\/furrow-opener-plough-2\/","title":{"rendered":"FURROW OPENER PLOUGH"},"content":{"rendered":"\t\t<div data-elementor-type=\"wp-page\" data-elementor-id=\"3428\" class=\"elementor elementor-3428 elementor-936\" data-elementor-post-type=\"page\">\n\t\t\t\t\t\t<section class=\"elementor-section elementor-top-section elementor-element elementor-element-420e57b4 elementor-section-boxed elementor-section-height-default elementor-section-height-default\" data-id=\"420e57b4\" data-element_type=\"section\" data-e-type=\"section\" data-settings=\"{&quot;background_background&quot;:&quot;gradient&quot;}\">\n\t\t\t\t\t\t\t<div class=\"elementor-background-overlay\"><\/div>\n\t\t\t\t\t\t\t<div class=\"elementor-container elementor-column-gap-default\">\n\t\t\t\t\t<div class=\"elementor-column elementor-col-100 elementor-top-column elementor-element elementor-element-723d7f5d\" data-id=\"723d7f5d\" data-element_type=\"column\" data-e-type=\"column\">\n\t\t\t<div class=\"elementor-widget-wrap elementor-element-populated\">\n\t\t\t\t\t\t<div class=\"elementor-element elementor-element-2a0be65e elementor-invisible elementor-widget elementor-widget-heading\" data-id=\"2a0be65e\" data-element_type=\"widget\" data-e-type=\"widget\" data-settings=\"{&quot;_animation&quot;:&quot;fadeInUp&quot;,&quot;_animation_delay&quot;:50}\" data-widget_type=\"heading.default\">\n\t\t\t\t<div class=\"elementor-widget-container\">\n\t\t\t\t\t<h3 class=\"elementor-heading-title elementor-size-default\">FURROW OPENER PLOUGH<\/h3>\t\t\t\t<\/div>\n\t\t\t\t<\/div>\n\t\t\t\t<div class=\"elementor-element elementor-element-62394b29 elementor-widget-divider--view-line elementor-invisible elementor-widget elementor-widget-divider\" data-id=\"62394b29\" data-element_type=\"widget\" data-e-type=\"widget\" data-settings=\"{&quot;_animation&quot;:&quot;fadeInUp&quot;,&quot;_animation_delay&quot;:100}\" data-widget_type=\"divider.default\">\n\t\t\t\t<div class=\"elementor-widget-container\">\n\t\t\t\t\t\t\t<div class=\"elementor-divider\">\n\t\t\t<span class=\"elementor-divider-separator\">\n\t\t\t\t\t\t<\/span>\n\t\t<\/div>\n\t\t\t\t\t\t<\/div>\n\t\t\t\t<\/div>\n\t\t\t\t\t<\/div>\n\t\t<\/div>\n\t\t\t\t\t<\/div>\n\t\t<\/section>\n\t\t<div class=\"elementor-element elementor-element-7a4b885 e-flex e-con-boxed e-con e-parent\" data-id=\"7a4b885\" data-element_type=\"container\" data-e-type=\"container\">\n\t\t\t\t\t<div class=\"e-con-inner\">\n\t\t<div class=\"elementor-element elementor-element-3dc7c79 e-flex e-con-boxed e-con e-child\" data-id=\"3dc7c79\" data-element_type=\"container\" data-e-type=\"container\">\n\t\t\t\t\t<div class=\"e-con-inner\">\n\t\t<div class=\"elementor-element elementor-element-ea62e69 e-flex e-con-boxed e-con e-child\" data-id=\"ea62e69\" data-element_type=\"container\" data-e-type=\"container\">\n\t\t\t\t\t<div class=\"e-con-inner\">\n\t\t\t\t\t<\/div>\n\t\t\t\t<\/div>\n\t\t\t\t\t<\/div>\n\t\t\t\t<\/div>\n\t\t\t\t\t<\/div>\n\t\t\t\t<\/div>\n\t\t<div class=\"elementor-element elementor-element-c9e61ed e-flex e-con-boxed e-con e-parent\" data-id=\"c9e61ed\" data-element_type=\"container\" data-e-type=\"container\">\n\t\t\t\t\t<div class=\"e-con-inner\">\n\t\t\t\t<div class=\"elementor-element elementor-element-a07a8ab elementor-widget elementor-widget-shortcode\" data-id=\"a07a8ab\" data-element_type=\"widget\" data-e-type=\"widget\" data-widget_type=\"shortcode.default\">\n\t\t\t\t<div class=\"elementor-widget-container\">\n\t\t\t\t\t\t\t<div class=\"elementor-shortcode\">\n            <div \n                class=\"elfsight-widget-portfolio elfsight-widget\" \n                data-elfsight-portfolio-options=\"%7B%22projects%22%3A%5B%7B%22id%22%3A%22df2968f8-2aad-46ee-a556-3614567debe0%22%2C%22media%22%3A%5B%7B%22type%22%3A%22uploaded%22%2C%22data%22%3A%7B%22name%22%3A%22FURROW%20OPENER%20PLOUGH%22%2C%22url%22%3A%22https%3A%5C%2F%5C%2Fvmsgroups.com%5C%2Fwp-content%5C%2Fuploads%5C%2F2023%5C%2F11%5C%2FFURROW-OPENER-PLOUGH.png%22%2C%22size%22%3A434301%2C%22type%22%3A%22image%22%2C%22extension%22%3A%22png%22%2C%22width%22%3A2000%2C%22height%22%3A2000%2C%22ext%22%3A%22png%22%7D%7D%5D%2C%22previewPicture%22%3Anull%2C%22undefined%22%3Anull%2C%22name%22%3A%22FURROW%20OPENER%20PLOUGH%22%2C%22category%22%3A%22%22%2C%22description%22%3A%22%3Cdiv%3E%3Cb%3EProduct%20DescriptionIt%26nbsp%3B%3C%5C%2Fb%3E%3C%5C%2Fdiv%3E%3Cdiv%3EEasy%20to%20adjust%20with%20easy%20adjustable%20moldboard%20angle.%20Provides%20durable%20usage%20with%20special%20body%20structure%20with%20increased%20strength.%20Moldboard%20and%20blades%20made%20of%20special%20alloy%20materials%20increase%20endurance%20and%20abrasion%20nresistance.%20Used%20in%20irigation%20and%20drainage%20processes.%3Cbr%3E%3C%5C%2Fdiv%3E%22%2C%22caption%22%3A%22%22%2C%22website%22%3A%22%22%7D%5D%2C%22categoriesEnabled%22%3Afalse%2C%22categories%22%3A%5B%7B%22value%22%3A%22%22%2C%22name%22%3A%22%20-%20None%20-%20%22%2C%22visible%22%3Afalse%7D%2C%7B%22value%22%3A%22a7500ef6-c278-4e96-b907-d9a4d6b932bb%22%2C%22name%22%3A%22ECO%20MASTER%20SERIES%22%2C%22undefined%22%3Anull%7D%5D%2C%22widgetTitle%22%3A%22FURROW%20OPENER%20PLOUGH%22%2C%22authorWhereToDisplay%22%3A%5B%22popup%22%5D%2C%22authorName%22%3A%22VMS%20Groups%22%2C%22authorDescription%22%3A%22%22%2C%22authorPhoto%22%3Anull%2C%22authorEmail%22%3A%22%22%2C%22authorPhone%22%3A%22%22%2C%22authorSocial%22%3A%5B%5D%2C%22ctaWhereToDisplay%22%3A%5B%22popup%22%5D%2C%22ctaButtonText%22%3A%22Get%20an%20Offer%22%2C%22ctaButtonLink%22%3A%22https%3A%5C%2F%5C%2Fvmsgroups.com%5C%2Filetisim%5C%2F%22%2C%22lang%22%3A%22en%22%2C%22layout%22%3A%22grid%22%2C%22gridColumns%22%3A2%2C%22gridRows%22%3A2%2C%22gridGutter%22%3A10%2C%22gridItemAspectRatio%22%3A0.669%2C%22gridColumnsTablet%22%3A2%2C%22gridRowsTablet%22%3A2%2C%22gridColumnsMobile%22%3A1%2C%22gridRowsMobile%22%3A1%2C%22masonryColumns%22%3A3%2C%22masonryGutter%22%3A10%2C%22masonryItemsPerPage%22%3A8%2C%22masonryColumnsTablet%22%3A2%2C%22masonryColumnsMobile%22%3A1%2C%22listGutter%22%3A10%2C%22listItemsPerPage%22%3A8%2C%22listItemAspectRatio%22%3A0.333%2C%22width%22%3A%22auto%22%2C%22projectLook%22%3A%22card%22%2C%22projectInfoToDisplay%22%3A%5B%22caption%22%2C%22name%22%5D%2C%22projectClickAction%22%3A%22popup%22%2C%22popupInfoToDisplay%22%3A%5B%22caption%22%2C%22description%22%2C%22name%22%5D%2C%22backgroundColor%22%3Anull%2C%22textColor%22%3A%22rgb%2817%2C%2017%2C%2017%29%22%2C%22ctaColor%22%3A%22rgb%28255%2C%20255%2C%20255%29%22%2C%22linksColor%22%3A%22rgb%2824%2C%2036%2C%2055%29%22%2C%22projectOverlayColor%22%3A%22rgba%2817%2C%2017%2C%2017%2C%200.7%29%22%2C%22projectBackgroundColor%22%3Anull%2C%22projectTextColor%22%3Anull%2C%22popupBackgroundColor%22%3A%22rgb%28255%2C%20255%2C%20255%29%22%2C%22popupTextColor%22%3A%22rgb%2817%2C%2017%2C%2017%29%22%2C%22popupOverlayColor%22%3A%22rgba%2817%2C%2017%2C%2017%2C%200.9%29%22%2C%22popupCtaColor%22%3A%22rgb%2824%2C%2036%2C%2055%29%22%2C%22popupLinksColor%22%3A%22rgb%2824%2C%2036%2C%2055%29%22%2C%22popupTextAlignment%22%3A%22left%22%2C%22widgetId%22%3A%2241%22%7D\" \n                data-elfsight-portfolio-version=\"1.1.3\"\n                data-elfsight-widget-id=\"elfsight-portfolio-41\">\n            <\/div>\n            <\/div>\n\t\t\t\t\t\t<\/div>\n\t\t\t\t<\/div>\n\t\t\t\t\t<\/div>\n\t\t\t\t<\/div>\n\t\t<div class=\"elementor-element elementor-element-5fbf766 e-flex e-con-boxed e-con e-parent\" data-id=\"5fbf766\" data-element_type=\"container\" data-e-type=\"container\">\n\t\t\t\t\t<div class=\"e-con-inner\">\n\t\t<div class=\"elementor-element elementor-element-1e36c6c e-flex e-con-boxed e-con e-child\" data-id=\"1e36c6c\" data-element_type=\"container\" data-e-type=\"container\">\n\t\t\t\t\t<div class=\"e-con-inner\">\n\t\t\t\t<div class=\"elementor-element elementor-element-9bdf83f elementor-widget elementor-widget-shortcode\" data-id=\"9bdf83f\" data-element_type=\"widget\" data-e-type=\"widget\" data-widget_type=\"shortcode.default\">\n\t\t\t\t<div class=\"elementor-widget-container\">\n\t\t\t\t\t\t\t<div class=\"elementor-shortcode\">\n<table id=\"tablepress-67\" class=\"tablepress tablepress-id-67\">\n<thead>\n<tr class=\"row-1\">\n\t<th class=\"column-1\">UNDERBEAM CLEARANCE (CM)<\/th><th class=\"column-2\">FURROW WIDTH (CM)<\/th><th class=\"column-3\">WORKING DEPTH (CM)<\/th><th class=\"column-4\">WEIGHT (KG)<\/th><th class=\"column-5\">REQUIRED POWER (HP)<\/th>\n<\/tr>\n<\/thead>\n<tbody class=\"row-striping row-hover\">\n<tr class=\"row-2\">\n\t<td class=\"column-1\">72<\/td><td class=\"column-2\">55-85<\/td><td class=\"column-3\">35<\/td><td class=\"column-4\">186<\/td><td class=\"column-5\">60-75<\/td>\n<\/tr>\n<tr class=\"row-3\">\n\t<td class=\"column-1\">75<\/td><td class=\"column-2\">60-95<\/td><td class=\"column-3\">40<\/td><td class=\"column-4\">201<\/td><td class=\"column-5\">70-90<\/td>\n<\/tr>\n<tr class=\"row-4\">\n\t<td class=\"column-1\">78<\/td><td class=\"column-2\">70-100<\/td><td class=\"column-3\">42<\/td><td class=\"column-4\">252<\/td><td class=\"column-5\">80-100<\/td>\n<\/tr>\n<\/tbody>\n<\/table>\n<!-- #tablepress-67 from cache --><\/div>\n\t\t\t\t\t\t<\/div>\n\t\t\t\t<\/div>\n\t\t\t\t\t<\/div>\n\t\t\t\t<\/div>\n\t\t\t\t\t<\/div>\n\t\t\t\t<\/div>\n\t\t<div class=\"elementor-element elementor-element-0e6fea3 e-flex e-con-boxed e-con e-parent\" data-id=\"0e6fea3\" data-element_type=\"container\" data-e-type=\"container\">\n\t\t\t\t\t<div class=\"e-con-inner\">\n\t\t<div class=\"elementor-element elementor-element-a477f3a e-flex e-con-boxed e-con e-child\" data-id=\"a477f3a\" data-element_type=\"container\" data-e-type=\"container\">\n\t\t\t\t\t<div class=\"e-con-inner\">\n\t\t\t\t\t<\/div>\n\t\t\t\t<\/div>\n\t\t\t\t\t<\/div>\n\t\t\t\t<\/div>\n\t\t\t\t<section class=\"elementor-section elementor-top-section elementor-element elementor-element-de69c88 elementor-section-boxed elementor-section-height-default elementor-section-height-default\" data-id=\"de69c88\" data-element_type=\"section\" data-e-type=\"section\" data-settings=\"{&quot;background_background&quot;:&quot;gradient&quot;}\">\n\t\t\t\t\t\t\t<div class=\"elementor-background-overlay\"><\/div>\n\t\t\t\t\t\t\t<div class=\"elementor-container elementor-column-gap-default\">\n\t\t\t\t\t<div class=\"elementor-column elementor-col-100 elementor-top-column elementor-element elementor-element-f10149e\" data-id=\"f10149e\" data-element_type=\"column\" data-e-type=\"column\">\n\t\t\t<div class=\"elementor-widget-wrap elementor-element-populated\">\n\t\t\t\t\t\t<div class=\"elementor-element elementor-element-3298063 elementor-invisible elementor-widget elementor-widget-heading\" data-id=\"3298063\" data-element_type=\"widget\" data-e-type=\"widget\" data-settings=\"{&quot;_animation&quot;:&quot;fadeInUp&quot;,&quot;_animation_delay&quot;:50}\" data-widget_type=\"heading.default\">\n\t\t\t\t<div class=\"elementor-widget-container\">\n\t\t\t\t\t<h3 class=\"elementor-heading-title elementor-size-default\">Sekt\u00f6rlerimiz<\/h3>\t\t\t\t<\/div>\n\t\t\t\t<\/div>\n\t\t\t\t<div class=\"elementor-element elementor-element-365b51e elementor-widget-divider--view-line elementor-invisible elementor-widget elementor-widget-divider\" data-id=\"365b51e\" data-element_type=\"widget\" data-e-type=\"widget\" data-settings=\"{&quot;_animation&quot;:&quot;fadeInUp&quot;,&quot;_animation_delay&quot;:100}\" data-widget_type=\"divider.default\">\n\t\t\t\t<div class=\"elementor-widget-container\">\n\t\t\t\t\t\t\t<div class=\"elementor-divider\">\n\t\t\t<span class=\"elementor-divider-separator\">\n\t\t\t\t\t\t<\/span>\n\t\t<\/div>\n\t\t\t\t\t\t<\/div>\n\t\t\t\t<\/div>\n\t\t\t\t\t<\/div>\n\t\t<\/div>\n\t\t\t\t\t<\/div>\n\t\t<\/section>\n\t\t\t\t<section class=\"elementor-section elementor-top-section elementor-element elementor-element-9c4efbf elementor-section-boxed elementor-section-height-default elementor-section-height-default\" data-id=\"9c4efbf\" data-element_type=\"section\" data-e-type=\"section\" data-settings=\"{&quot;background_background&quot;:&quot;gradient&quot;}\">\n\t\t\t\t\t\t\t<div class=\"elementor-background-overlay\"><\/div>\n\t\t\t\t\t\t\t<div class=\"elementor-container elementor-column-gap-default\">\n\t\t\t\t\t<div class=\"elementor-column elementor-col-100 elementor-top-column elementor-element elementor-element-2584180\" data-id=\"2584180\" data-element_type=\"column\" data-e-type=\"column\">\n\t\t\t<div class=\"elementor-widget-wrap elementor-element-populated\">\n\t\t\t\t\t\t<div class=\"elementor-element elementor-element-303aa14 elementor-invisible elementor-widget elementor-widget-heading\" data-id=\"303aa14\" data-element_type=\"widget\" data-e-type=\"widget\" data-settings=\"{&quot;_animation&quot;:&quot;fadeInUp&quot;,&quot;_animation_delay&quot;:50}\" data-widget_type=\"heading.default\">\n\t\t\t\t<div class=\"elementor-widget-container\">\n\t\t\t\t\t<h3 class=\"elementor-heading-title elementor-size-default\">Sekt\u00f6rlerimiz<\/h3>\t\t\t\t<\/div>\n\t\t\t\t<\/div>\n\t\t\t\t<div class=\"elementor-element elementor-element-7335878 elementor-widget-divider--view-line elementor-invisible elementor-widget elementor-widget-divider\" data-id=\"7335878\" data-element_type=\"widget\" data-e-type=\"widget\" data-settings=\"{&quot;_animation&quot;:&quot;fadeInUp&quot;,&quot;_animation_delay&quot;:100}\" data-widget_type=\"divider.default\">\n\t\t\t\t<div class=\"elementor-widget-container\">\n\t\t\t\t\t\t\t<div class=\"elementor-divider\">\n\t\t\t<span class=\"elementor-divider-separator\">\n\t\t\t\t\t\t<\/span>\n\t\t<\/div>\n\t\t\t\t\t\t<\/div>\n\t\t\t\t<\/div>\n\t\t\t\t\t<\/div>\n\t\t<\/div>\n\t\t\t\t\t<\/div>\n\t\t<\/section>\n\t\t\t\t<section class=\"elementor-section elementor-top-section elementor-element elementor-element-7f8a084 elementor-section-boxed elementor-section-height-default elementor-section-height-default\" data-id=\"7f8a084\" data-element_type=\"section\" data-e-type=\"section\" data-settings=\"{&quot;background_background&quot;:&quot;gradient&quot;}\">\n\t\t\t\t\t\t\t<div class=\"elementor-background-overlay\"><\/div>\n\t\t\t\t\t\t\t<div class=\"elementor-container elementor-column-gap-default\">\n\t\t\t\t\t<div class=\"elementor-column elementor-col-100 elementor-top-column elementor-element elementor-element-b46ab3c\" data-id=\"b46ab3c\" data-element_type=\"column\" data-e-type=\"column\">\n\t\t\t<div class=\"elementor-widget-wrap elementor-element-populated\">\n\t\t\t\t\t\t<div class=\"elementor-element elementor-element-4f4ea10 elementor-invisible elementor-widget elementor-widget-heading\" data-id=\"4f4ea10\" data-element_type=\"widget\" data-e-type=\"widget\" data-settings=\"{&quot;_animation&quot;:&quot;fadeInUp&quot;,&quot;_animation_delay&quot;:50}\" data-widget_type=\"heading.default\">\n\t\t\t\t<div class=\"elementor-widget-container\">\n\t\t\t\t\t<h3 class=\"elementor-heading-title elementor-size-default\">Sekt\u00f6rlerimiz<\/h3>\t\t\t\t<\/div>\n\t\t\t\t<\/div>\n\t\t\t\t<div class=\"elementor-element elementor-element-8652ccf elementor-widget-divider--view-line elementor-invisible elementor-widget elementor-widget-divider\" data-id=\"8652ccf\" data-element_type=\"widget\" data-e-type=\"widget\" data-settings=\"{&quot;_animation&quot;:&quot;fadeInUp&quot;,&quot;_animation_delay&quot;:100}\" data-widget_type=\"divider.default\">\n\t\t\t\t<div class=\"elementor-widget-container\">\n\t\t\t\t\t\t\t<div class=\"elementor-divider\">\n\t\t\t<span class=\"elementor-divider-separator\">\n\t\t\t\t\t\t<\/span>\n\t\t<\/div>\n\t\t\t\t\t\t<\/div>\n\t\t\t\t<\/div>\n\t\t\t\t\t<\/div>\n\t\t<\/div>\n\t\t\t\t\t<\/div>\n\t\t<\/section>\n\t\t\t\t<\/div>\n\t\t","protected":false},"excerpt":{"rendered":"<p>FURROW OPENER PLOUGH Sekt\u00f6rlerimiz Sekt\u00f6rlerimiz Sekt\u00f6rlerimiz<\/p>\n","protected":false},"author":1,"featured_media":0,"parent":0,"menu_order":0,"comment_status":"closed","ping_status":"closed","template":"","meta":{"footnotes":""},"class_list":["post-3428","page","type-page","status-publish","hentry"],"_links":{"self":[{"href":"https:\/\/vmsgroups.com\/en\/wp-json\/wp\/v2\/pages\/3428","targetHints":{"allow":["GET"]}}],"collection":[{"href":"https:\/\/vmsgroups.com\/en\/wp-json\/wp\/v2\/pages"}],"about":[{"href":"https:\/\/vmsgroups.com\/en\/wp-json\/wp\/v2\/types\/page"}],"author":[{"embeddable":true,"href":"https:\/\/vmsgroups.com\/en\/wp-json\/wp\/v2\/users\/1"}],"replies":[{"embeddable":true,"href":"https:\/\/vmsgroups.com\/en\/wp-json\/wp\/v2\/comments?post=3428"}],"version-history":[{"count":0,"href":"https:\/\/vmsgroups.com\/en\/wp-json\/wp\/v2\/pages\/3428\/revisions"}],"wp:attachment":[{"href":"https:\/\/vmsgroups.com\/en\/wp-json\/wp\/v2\/media?parent=3428"}],"curies":[{"name":"wp","href":"https:\/\/api.w.org\/{rel}","templated":true}]}}