{"id":3434,"date":"2023-11-06T20:03:34","date_gmt":"2023-11-06T20:03:34","guid":{"rendered":"https:\/\/vmsgroups.com\/reversible-plough-2\/"},"modified":"2023-11-06T20:03:34","modified_gmt":"2023-11-06T20:03:34","slug":"reversible-plough-2","status":"publish","type":"page","link":"https:\/\/vmsgroups.com\/en\/reversible-plough-2\/","title":{"rendered":"REVERSIBLE PLOUGH"},"content":{"rendered":"\t\t<div data-elementor-type=\"wp-page\" data-elementor-id=\"3434\" class=\"elementor elementor-3434 elementor-919\" data-elementor-post-type=\"page\">\n\t\t\t\t\t\t<section class=\"elementor-section elementor-top-section elementor-element elementor-element-420e57b4 elementor-section-boxed elementor-section-height-default elementor-section-height-default\" data-id=\"420e57b4\" data-element_type=\"section\" data-e-type=\"section\" data-settings=\"{&quot;background_background&quot;:&quot;gradient&quot;}\">\n\t\t\t\t\t\t\t<div class=\"elementor-background-overlay\"><\/div>\n\t\t\t\t\t\t\t<div class=\"elementor-container elementor-column-gap-default\">\n\t\t\t\t\t<div class=\"elementor-column elementor-col-100 elementor-top-column elementor-element elementor-element-723d7f5d\" data-id=\"723d7f5d\" data-element_type=\"column\" data-e-type=\"column\">\n\t\t\t<div class=\"elementor-widget-wrap elementor-element-populated\">\n\t\t\t\t\t\t<div class=\"elementor-element elementor-element-2a0be65e elementor-invisible elementor-widget elementor-widget-heading\" data-id=\"2a0be65e\" data-element_type=\"widget\" data-e-type=\"widget\" data-settings=\"{&quot;_animation&quot;:&quot;fadeInUp&quot;,&quot;_animation_delay&quot;:50}\" data-widget_type=\"heading.default\">\n\t\t\t\t<div class=\"elementor-widget-container\">\n\t\t\t\t\t<h3 class=\"elementor-heading-title elementor-size-default\">REVERSIBLE PLOUGH<\/h3>\t\t\t\t<\/div>\n\t\t\t\t<\/div>\n\t\t\t\t<div class=\"elementor-element elementor-element-62394b29 elementor-widget-divider--view-line elementor-invisible elementor-widget elementor-widget-divider\" data-id=\"62394b29\" data-element_type=\"widget\" data-e-type=\"widget\" data-settings=\"{&quot;_animation&quot;:&quot;fadeInUp&quot;,&quot;_animation_delay&quot;:100}\" data-widget_type=\"divider.default\">\n\t\t\t\t<div class=\"elementor-widget-container\">\n\t\t\t\t\t\t\t<div class=\"elementor-divider\">\n\t\t\t<span class=\"elementor-divider-separator\">\n\t\t\t\t\t\t<\/span>\n\t\t<\/div>\n\t\t\t\t\t\t<\/div>\n\t\t\t\t<\/div>\n\t\t\t\t\t<\/div>\n\t\t<\/div>\n\t\t\t\t\t<\/div>\n\t\t<\/section>\n\t\t<div class=\"elementor-element elementor-element-7a4b885 e-flex e-con-boxed e-con e-parent\" data-id=\"7a4b885\" data-element_type=\"container\" data-e-type=\"container\">\n\t\t\t\t\t<div class=\"e-con-inner\">\n\t\t<div class=\"elementor-element elementor-element-3dc7c79 e-flex e-con-boxed e-con e-child\" data-id=\"3dc7c79\" data-element_type=\"container\" data-e-type=\"container\">\n\t\t\t\t\t<div class=\"e-con-inner\">\n\t\t<div class=\"elementor-element elementor-element-ea62e69 e-flex e-con-boxed e-con e-child\" data-id=\"ea62e69\" data-element_type=\"container\" data-e-type=\"container\">\n\t\t\t\t\t<div class=\"e-con-inner\">\n\t\t\t\t\t<\/div>\n\t\t\t\t<\/div>\n\t\t\t\t\t<\/div>\n\t\t\t\t<\/div>\n\t\t\t\t\t<\/div>\n\t\t\t\t<\/div>\n\t\t<div class=\"elementor-element elementor-element-c9e61ed e-flex e-con-boxed e-con e-parent\" data-id=\"c9e61ed\" data-element_type=\"container\" data-e-type=\"container\">\n\t\t\t\t\t<div class=\"e-con-inner\">\n\t\t\t\t<div class=\"elementor-element elementor-element-a07a8ab elementor-widget elementor-widget-shortcode\" data-id=\"a07a8ab\" data-element_type=\"widget\" data-e-type=\"widget\" data-widget_type=\"shortcode.default\">\n\t\t\t\t<div class=\"elementor-widget-container\">\n\t\t\t\t\t\t\t<div class=\"elementor-shortcode\">\n            <div \n                class=\"elfsight-widget-portfolio elfsight-widget\" \n                data-elfsight-portfolio-options=\"%7B%22projects%22%3A%5B%7B%22id%22%3A%22df2968f8-2aad-46ee-a556-3614567debe0%22%2C%22media%22%3A%5B%7B%22type%22%3A%22uploaded%22%2C%22data%22%3A%7B%22name%22%3A%22REVERSIBLE%20PLOUGH-1%22%2C%22url%22%3A%22https%3A%5C%2F%5C%2Fvmsgroups.com%5C%2Fwp-content%5C%2Fuploads%5C%2F2023%5C%2F11%5C%2FREVERSIBLE-PLOUGH-1.png%22%2C%22size%22%3A632559%2C%22type%22%3A%22image%22%2C%22extension%22%3A%22png%22%2C%22width%22%3A2000%2C%22height%22%3A2000%2C%22ext%22%3A%22png%22%7D%7D%5D%2C%22previewPicture%22%3Anull%2C%22undefined%22%3Anull%2C%22name%22%3A%22REVERSIBLE%20PLOUGH%22%2C%22category%22%3A%22%22%2C%22description%22%3A%22%3Cdiv%3E%3Cb%3EProduct%20DescriptionIt%26nbsp%3B%3C%5C%2Fb%3E%3C%5C%2Fdiv%3E%3Cdiv%3EIt%20saves%20time%20and%20fuel%20during%20plough.%20Protects%20the%20grading%20on%20the%20ploughed%20ground.%20Thanks%20to%20the%20sliding%20head%20structure%2C%20it%20can%20be%20used%20on%20tractors%20of%20different%20path%20widths%20with%20the%20option%20to%20adjust%20the%20hydraulic%20work%20width%2C%20the%20working%20width%20can%20be%20adjusted%20from%20the%20tractor.%20It%20quickly%20and%20easily%20sets%20to%20the%20field%20or%20road%20position.%20Practically%20adjusts%20to%20the%20road%20position%20and%20provides%20safe%20transport.%20The%20additional%20body%20can%20be%20added%20using%20the%20flange%20on%20the%20main%20body.%20There%20are%20three%20point%20hitch%20system%20options%20in%20accordance%20with%20category%202%20and%20category%203%20for%20the%20tractors%20in%20different%20track%20width.%3Cbr%3E%3C%5C%2Fdiv%3E%22%2C%22caption%22%3A%22%22%2C%22website%22%3A%22%22%7D%2C%7B%22id%22%3A%2212b6bd04-46fa-44cb-8319-b9bc0327fac6%22%2C%22media%22%3A%5B%7B%22type%22%3A%22uploaded%22%2C%22data%22%3A%7B%22name%22%3A%22REVERSIBLE%20PLOUGH%22%2C%22url%22%3A%22https%3A%5C%2F%5C%2Fvmsgroups.com%5C%2Fwp-content%5C%2Fuploads%5C%2F2023%5C%2F11%5C%2FREVERSIBLE-PLOUGH.png%22%2C%22size%22%3A960099%2C%22type%22%3A%22image%22%2C%22extension%22%3A%22png%22%2C%22width%22%3A2000%2C%22height%22%3A2000%2C%22ext%22%3A%22png%22%7D%7D%5D%2C%22previewPicture%22%3Anull%2C%22undefined%22%3Anull%2C%22name%22%3A%22REVERSIBLE%20PLOUGH%22%2C%22category%22%3A%22%22%2C%22description%22%3A%22%3Cdiv%3E%3Cb%3EProduct%20DescriptionIt%26nbsp%3B%3C%5C%2Fb%3E%3C%5C%2Fdiv%3E%3Cdiv%3EIt%20saves%20time%20and%20fuel%20during%20plough.%20Protects%20the%20grading%20on%20the%20ploughed%20ground.%20Thanks%20to%20the%20sliding%20head%20structure%2C%20it%20can%20be%20used%20on%20tractors%20of%20different%20path%20widths%20with%20the%20option%20to%20adjust%20the%20hydraulic%20work%20width%2C%20the%20working%20width%20can%20be%20adjusted%20from%20the%20tractor.%20It%20quickly%20and%20easily%20sets%20to%20the%20field%20or%20road%20position.%20Practically%20adjusts%20to%20the%20road%20position%20and%20provides%20safe%20transport.%20The%20additional%20body%20can%20be%20added%20using%20the%20flange%20on%20the%20main%20body.%20There%20are%20three%20point%20hitch%20system%20options%20in%20accordance%20with%20category%202%20and%20category%203%20for%20the%20tractors%20in%20different%20track%20width.%3Cbr%3E%3C%5C%2Fdiv%3E%22%2C%22caption%22%3A%22%22%2C%22website%22%3A%22%22%7D%5D%2C%22categoriesEnabled%22%3Afalse%2C%22categories%22%3A%5B%7B%22value%22%3A%22%22%2C%22name%22%3A%22%20-%20None%20-%20%22%2C%22visible%22%3Afalse%7D%2C%7B%22value%22%3A%22a7500ef6-c278-4e96-b907-d9a4d6b932bb%22%2C%22name%22%3A%22ECO%20MASTER%20SERIES%22%2C%22undefined%22%3Anull%7D%5D%2C%22widgetTitle%22%3A%22REVERSIBLE%20PLOUGH%22%2C%22authorWhereToDisplay%22%3A%5B%22popup%22%5D%2C%22authorName%22%3A%22VMS%20Groups%22%2C%22authorDescription%22%3A%22%22%2C%22authorPhoto%22%3Anull%2C%22authorEmail%22%3A%22%22%2C%22authorPhone%22%3A%22%22%2C%22authorSocial%22%3A%5B%5D%2C%22ctaWhereToDisplay%22%3A%5B%22popup%22%5D%2C%22ctaButtonText%22%3A%22Get%20an%20Offer%22%2C%22ctaButtonLink%22%3A%22https%3A%5C%2F%5C%2Fvmsgroups.com%5C%2Filetisim%5C%2F%22%2C%22lang%22%3A%22en%22%2C%22layout%22%3A%22grid%22%2C%22gridColumns%22%3A2%2C%22gridRows%22%3A2%2C%22gridGutter%22%3A10%2C%22gridItemAspectRatio%22%3A0.669%2C%22gridColumnsTablet%22%3A2%2C%22gridRowsTablet%22%3A2%2C%22gridColumnsMobile%22%3A1%2C%22gridRowsMobile%22%3A1%2C%22masonryColumns%22%3A3%2C%22masonryGutter%22%3A10%2C%22masonryItemsPerPage%22%3A8%2C%22masonryColumnsTablet%22%3A2%2C%22masonryColumnsMobile%22%3A1%2C%22listGutter%22%3A10%2C%22listItemsPerPage%22%3A8%2C%22listItemAspectRatio%22%3A0.333%2C%22width%22%3A%22auto%22%2C%22projectLook%22%3A%22card%22%2C%22projectInfoToDisplay%22%3A%5B%22caption%22%2C%22name%22%5D%2C%22projectClickAction%22%3A%22popup%22%2C%22popupInfoToDisplay%22%3A%5B%22caption%22%2C%22description%22%2C%22name%22%5D%2C%22backgroundColor%22%3Anull%2C%22textColor%22%3A%22rgb%2817%2C%2017%2C%2017%29%22%2C%22ctaColor%22%3A%22rgb%28255%2C%20255%2C%20255%29%22%2C%22linksColor%22%3A%22rgb%2824%2C%2036%2C%2055%29%22%2C%22projectOverlayColor%22%3A%22rgba%2817%2C%2017%2C%2017%2C%200.7%29%22%2C%22projectBackgroundColor%22%3Anull%2C%22projectTextColor%22%3Anull%2C%22popupBackgroundColor%22%3A%22rgb%28255%2C%20255%2C%20255%29%22%2C%22popupTextColor%22%3A%22rgb%2817%2C%2017%2C%2017%29%22%2C%22popupOverlayColor%22%3A%22rgba%2817%2C%2017%2C%2017%2C%200.9%29%22%2C%22popupCtaColor%22%3A%22rgb%2824%2C%2036%2C%2055%29%22%2C%22popupLinksColor%22%3A%22rgb%2824%2C%2036%2C%2055%29%22%2C%22popupTextAlignment%22%3A%22left%22%2C%22widgetId%22%3A%2239%22%7D\" \n                data-elfsight-portfolio-version=\"1.1.3\"\n                data-elfsight-widget-id=\"elfsight-portfolio-39\">\n            <\/div>\n            <\/div>\n\t\t\t\t\t\t<\/div>\n\t\t\t\t<\/div>\n\t\t\t\t\t<\/div>\n\t\t\t\t<\/div>\n\t\t<div class=\"elementor-element elementor-element-5fbf766 e-flex e-con-boxed e-con e-parent\" data-id=\"5fbf766\" data-element_type=\"container\" data-e-type=\"container\">\n\t\t\t\t\t<div class=\"e-con-inner\">\n\t\t<div class=\"elementor-element elementor-element-1e36c6c e-flex e-con-boxed e-con e-child\" data-id=\"1e36c6c\" data-element_type=\"container\" data-e-type=\"container\">\n\t\t\t\t\t<div class=\"e-con-inner\">\n\t\t\t\t<div class=\"elementor-element elementor-element-9bdf83f elementor-widget elementor-widget-shortcode\" data-id=\"9bdf83f\" data-element_type=\"widget\" data-e-type=\"widget\" data-widget_type=\"shortcode.default\">\n\t\t\t\t<div class=\"elementor-widget-container\">\n\t\t\t\t\t\t\t<div class=\"elementor-shortcode\">\n<table id=\"tablepress-65\" class=\"tablepress tablepress-id-65\">\n<thead>\n<tr class=\"row-1\">\n\t<th class=\"column-1\">TYPE OF CHASSIS<\/th><th class=\"column-2\">UNDERBEAM<br \/>\r\n  CLEARANCE (CM)<\/th><th class=\"column-3\">INTERBODY<br \/>\r\n  CLEARANCE (CM)<\/th><th class=\"column-4\">WORKING WIDTH<br \/>\r\n  (CM)<\/th><th class=\"column-5\">WORKING DEPTH<br \/>\r\n  (CM)<\/th><th class=\"column-6\">WEIGHT (KG)<\/th><th class=\"column-7\">WEIGHT (KG)<\/th><th class=\"column-8\">WEIGHT (KG)<\/th><th class=\"column-9\">REQUIRED POWER (HP)<\/th><th class=\"column-10\">REQUIRED POWER (HP)<\/th><th class=\"column-11\">REQUIRED POWER (HP)<\/th>\n<\/tr>\n<\/thead>\n<tbody class=\"row-striping row-hover\">\n<tr class=\"row-2\">\n\t<td class=\"column-1\">*<\/td><td class=\"column-2\">*<\/td><td class=\"column-3\">*<\/td><td class=\"column-4\">*<\/td><td class=\"column-5\">*<\/td><td class=\"column-6\">3<br \/>\r\n  FURROW<\/td><td class=\"column-7\">4<br \/>\r\n  FURROW<\/td><td class=\"column-8\">5<br \/>\r\n  FURROW<\/td><td class=\"column-9\">3<br \/>\r\n  FURROW<\/td><td class=\"column-10\">4<br \/>\r\n  FURROW<\/td><td class=\"column-11\">5<br \/>\r\n  FURROW<\/td>\n<\/tr>\n<tr class=\"row-3\">\n\t<td class=\"column-1\">NORMAL<\/td><td class=\"column-2\">75<\/td><td class=\"column-3\">75<\/td><td class=\"column-4\">25-30-35-40<\/td><td class=\"column-5\">32<\/td><td class=\"column-6\">870<\/td><td class=\"column-7\">1057<\/td><td class=\"column-8\">1251<\/td><td class=\"column-9\">70-80<\/td><td class=\"column-10\">80-90<\/td><td class=\"column-11\">95-110<\/td>\n<\/tr>\n<tr class=\"row-4\">\n\t<td class=\"column-1\">NORMAL<\/td><td class=\"column-2\">75<\/td><td class=\"column-3\">85<\/td><td class=\"column-4\">30-35-40-45<\/td><td class=\"column-5\">40<\/td><td class=\"column-6\">890<\/td><td class=\"column-7\">1095<\/td><td class=\"column-8\">1302<\/td><td class=\"column-9\">70-85<\/td><td class=\"column-10\">85-100<\/td><td class=\"column-11\">95-120<\/td>\n<\/tr>\n<tr class=\"row-5\">\n\t<td class=\"column-1\">HEAVY<\/td><td class=\"column-2\">75<\/td><td class=\"column-3\">85<\/td><td class=\"column-4\">30-35-40-45<\/td><td class=\"column-5\">36<\/td><td class=\"column-6\">945<\/td><td class=\"column-7\">1172<\/td><td class=\"column-8\">1370<\/td><td class=\"column-9\">80-90<\/td><td class=\"column-10\">90-110<\/td><td class=\"column-11\">110-150<\/td>\n<\/tr>\n<tr class=\"row-6\">\n\t<td class=\"column-1\">HEAVY<\/td><td class=\"column-2\">80<\/td><td class=\"column-3\">95<\/td><td class=\"column-4\">35-40-45-50<\/td><td class=\"column-5\">40<\/td><td class=\"column-6\">980<\/td><td class=\"column-7\">1240<\/td><td class=\"column-8\">1436<\/td><td class=\"column-9\">85-100<\/td><td class=\"column-10\">95-115<\/td><td class=\"column-11\">110-160<\/td>\n<\/tr>\n<\/tbody>\n<\/table>\n<!-- #tablepress-65 from cache --><\/div>\n\t\t\t\t\t\t<\/div>\n\t\t\t\t<\/div>\n\t\t\t\t\t<\/div>\n\t\t\t\t<\/div>\n\t\t\t\t\t<\/div>\n\t\t\t\t<\/div>\n\t\t<div class=\"elementor-element elementor-element-0e6fea3 e-flex e-con-boxed e-con e-parent\" data-id=\"0e6fea3\" data-element_type=\"container\" data-e-type=\"container\">\n\t\t\t\t\t<div class=\"e-con-inner\">\n\t\t<div class=\"elementor-element elementor-element-a477f3a e-flex e-con-boxed e-con e-child\" data-id=\"a477f3a\" data-element_type=\"container\" data-e-type=\"container\">\n\t\t\t\t\t<div class=\"e-con-inner\">\n\t\t\t\t\t<\/div>\n\t\t\t\t<\/div>\n\t\t\t\t\t<\/div>\n\t\t\t\t<\/div>\n\t\t\t\t<section class=\"elementor-section elementor-top-section elementor-element elementor-element-de69c88 elementor-section-boxed elementor-section-height-default elementor-section-height-default\" data-id=\"de69c88\" data-element_type=\"section\" data-e-type=\"section\" data-settings=\"{&quot;background_background&quot;:&quot;gradient&quot;}\">\n\t\t\t\t\t\t\t<div class=\"elementor-background-overlay\"><\/div>\n\t\t\t\t\t\t\t<div class=\"elementor-container elementor-column-gap-default\">\n\t\t\t\t\t<div class=\"elementor-column elementor-col-100 elementor-top-column elementor-element elementor-element-f10149e\" data-id=\"f10149e\" data-element_type=\"column\" data-e-type=\"column\">\n\t\t\t<div class=\"elementor-widget-wrap elementor-element-populated\">\n\t\t\t\t\t\t<div class=\"elementor-element elementor-element-3298063 elementor-invisible elementor-widget elementor-widget-heading\" data-id=\"3298063\" data-element_type=\"widget\" data-e-type=\"widget\" data-settings=\"{&quot;_animation&quot;:&quot;fadeInUp&quot;,&quot;_animation_delay&quot;:50}\" data-widget_type=\"heading.default\">\n\t\t\t\t<div class=\"elementor-widget-container\">\n\t\t\t\t\t<h3 class=\"elementor-heading-title elementor-size-default\">Sekt\u00f6rlerimiz<\/h3>\t\t\t\t<\/div>\n\t\t\t\t<\/div>\n\t\t\t\t<div class=\"elementor-element elementor-element-365b51e elementor-widget-divider--view-line elementor-invisible elementor-widget elementor-widget-divider\" data-id=\"365b51e\" data-element_type=\"widget\" data-e-type=\"widget\" data-settings=\"{&quot;_animation&quot;:&quot;fadeInUp&quot;,&quot;_animation_delay&quot;:100}\" data-widget_type=\"divider.default\">\n\t\t\t\t<div class=\"elementor-widget-container\">\n\t\t\t\t\t\t\t<div class=\"elementor-divider\">\n\t\t\t<span class=\"elementor-divider-separator\">\n\t\t\t\t\t\t<\/span>\n\t\t<\/div>\n\t\t\t\t\t\t<\/div>\n\t\t\t\t<\/div>\n\t\t\t\t\t<\/div>\n\t\t<\/div>\n\t\t\t\t\t<\/div>\n\t\t<\/section>\n\t\t\t\t<section class=\"elementor-section elementor-top-section elementor-element elementor-element-9c4efbf elementor-section-boxed elementor-section-height-default elementor-section-height-default\" data-id=\"9c4efbf\" data-element_type=\"section\" data-e-type=\"section\" data-settings=\"{&quot;background_background&quot;:&quot;gradient&quot;}\">\n\t\t\t\t\t\t\t<div class=\"elementor-background-overlay\"><\/div>\n\t\t\t\t\t\t\t<div class=\"elementor-container elementor-column-gap-default\">\n\t\t\t\t\t<div class=\"elementor-column elementor-col-100 elementor-top-column elementor-element elementor-element-2584180\" data-id=\"2584180\" data-element_type=\"column\" data-e-type=\"column\">\n\t\t\t<div class=\"elementor-widget-wrap elementor-element-populated\">\n\t\t\t\t\t\t<div class=\"elementor-element elementor-element-303aa14 elementor-invisible elementor-widget elementor-widget-heading\" data-id=\"303aa14\" data-element_type=\"widget\" data-e-type=\"widget\" data-settings=\"{&quot;_animation&quot;:&quot;fadeInUp&quot;,&quot;_animation_delay&quot;:50}\" data-widget_type=\"heading.default\">\n\t\t\t\t<div class=\"elementor-widget-container\">\n\t\t\t\t\t<h3 class=\"elementor-heading-title elementor-size-default\">Sekt\u00f6rlerimiz<\/h3>\t\t\t\t<\/div>\n\t\t\t\t<\/div>\n\t\t\t\t<div class=\"elementor-element elementor-element-7335878 elementor-widget-divider--view-line elementor-invisible elementor-widget elementor-widget-divider\" data-id=\"7335878\" data-element_type=\"widget\" data-e-type=\"widget\" data-settings=\"{&quot;_animation&quot;:&quot;fadeInUp&quot;,&quot;_animation_delay&quot;:100}\" data-widget_type=\"divider.default\">\n\t\t\t\t<div class=\"elementor-widget-container\">\n\t\t\t\t\t\t\t<div class=\"elementor-divider\">\n\t\t\t<span class=\"elementor-divider-separator\">\n\t\t\t\t\t\t<\/span>\n\t\t<\/div>\n\t\t\t\t\t\t<\/div>\n\t\t\t\t<\/div>\n\t\t\t\t\t<\/div>\n\t\t<\/div>\n\t\t\t\t\t<\/div>\n\t\t<\/section>\n\t\t\t\t<section class=\"elementor-section elementor-top-section elementor-element elementor-element-7f8a084 elementor-section-boxed elementor-section-height-default elementor-section-height-default\" data-id=\"7f8a084\" data-element_type=\"section\" data-e-type=\"section\" data-settings=\"{&quot;background_background&quot;:&quot;gradient&quot;}\">\n\t\t\t\t\t\t\t<div class=\"elementor-background-overlay\"><\/div>\n\t\t\t\t\t\t\t<div class=\"elementor-container elementor-column-gap-default\">\n\t\t\t\t\t<div class=\"elementor-column elementor-col-100 elementor-top-column elementor-element elementor-element-b46ab3c\" data-id=\"b46ab3c\" data-element_type=\"column\" data-e-type=\"column\">\n\t\t\t<div class=\"elementor-widget-wrap elementor-element-populated\">\n\t\t\t\t\t\t<div class=\"elementor-element elementor-element-4f4ea10 elementor-invisible elementor-widget elementor-widget-heading\" data-id=\"4f4ea10\" data-element_type=\"widget\" data-e-type=\"widget\" data-settings=\"{&quot;_animation&quot;:&quot;fadeInUp&quot;,&quot;_animation_delay&quot;:50}\" data-widget_type=\"heading.default\">\n\t\t\t\t<div class=\"elementor-widget-container\">\n\t\t\t\t\t<h3 class=\"elementor-heading-title elementor-size-default\">Sekt\u00f6rlerimiz<\/h3>\t\t\t\t<\/div>\n\t\t\t\t<\/div>\n\t\t\t\t<div class=\"elementor-element elementor-element-8652ccf elementor-widget-divider--view-line elementor-invisible elementor-widget elementor-widget-divider\" data-id=\"8652ccf\" data-element_type=\"widget\" data-e-type=\"widget\" data-settings=\"{&quot;_animation&quot;:&quot;fadeInUp&quot;,&quot;_animation_delay&quot;:100}\" data-widget_type=\"divider.default\">\n\t\t\t\t<div class=\"elementor-widget-container\">\n\t\t\t\t\t\t\t<div class=\"elementor-divider\">\n\t\t\t<span class=\"elementor-divider-separator\">\n\t\t\t\t\t\t<\/span>\n\t\t<\/div>\n\t\t\t\t\t\t<\/div>\n\t\t\t\t<\/div>\n\t\t\t\t\t<\/div>\n\t\t<\/div>\n\t\t\t\t\t<\/div>\n\t\t<\/section>\n\t\t\t\t<\/div>\n\t\t","protected":false},"excerpt":{"rendered":"<p>REVERSIBLE PLOUGH Sekt\u00f6rlerimiz Sekt\u00f6rlerimiz Sekt\u00f6rlerimiz<\/p>\n","protected":false},"author":1,"featured_media":0,"parent":0,"menu_order":0,"comment_status":"closed","ping_status":"closed","template":"","meta":{"footnotes":""},"class_list":["post-3434","page","type-page","status-publish","hentry"],"_links":{"self":[{"href":"https:\/\/vmsgroups.com\/en\/wp-json\/wp\/v2\/pages\/3434","targetHints":{"allow":["GET"]}}],"collection":[{"href":"https:\/\/vmsgroups.com\/en\/wp-json\/wp\/v2\/pages"}],"about":[{"href":"https:\/\/vmsgroups.com\/en\/wp-json\/wp\/v2\/types\/page"}],"author":[{"embeddable":true,"href":"https:\/\/vmsgroups.com\/en\/wp-json\/wp\/v2\/users\/1"}],"replies":[{"embeddable":true,"href":"https:\/\/vmsgroups.com\/en\/wp-json\/wp\/v2\/comments?post=3434"}],"version-history":[{"count":0,"href":"https:\/\/vmsgroups.com\/en\/wp-json\/wp\/v2\/pages\/3434\/revisions"}],"wp:attachment":[{"href":"https:\/\/vmsgroups.com\/en\/wp-json\/wp\/v2\/media?parent=3434"}],"curies":[{"name":"wp","href":"https:\/\/api.w.org\/{rel}","templated":true}]}}